{"id":2,"date":"2015-02-14T15:37:30","date_gmt":"2015-02-14T15:37:30","guid":{"rendered":"https:\/\/sundin-beck.se\/skyttel\/?page_id=2"},"modified":"2026-03-11T09:42:34","modified_gmt":"2026-03-11T09:42:34","slug":"exempelsida","status":"publish","type":"page","link":"https:\/\/sundin-beck.se\/skyttel\/","title":{"rendered":"Att v\u00e4va eller inte"},"content":{"rendered":"<header class=\"entry-header\">\n<h1 class=\"entry-title\">Till att b\u00f6rja med<\/h1>\n<\/header>\n<div class=\"entry-content\">\n<p>Jag intervjuade nyss en konsumtionsforskare som bland annat har tittat p\u00e5 hur det ska g\u00e5 f\u00f6r landsbygden: Finns det n\u00e5gra trender som drar folk FR\u00c5N stan och TILL landet? Hon hade hittat n\u00e5gra.<\/p>\n<p>En s\u00e5dan trend \u00e4r str\u00e4van efter autenticitet, \u00e4kthet. Man vill baka sitt br\u00f6d, arbeta med redskap, odla sina egna tomater. Tillbaka till r\u00f6tterna! Och de finns ofta p\u00e5 landsbygden, d\u00e4r kanske mormor och farfar bodde.<\/p>\n<p>F\u00f6r min del vill jag v\u00e4va mattor. Jag har aldrig satt upp en v\u00e4v f\u00f6rut. Men nu ska jag f\u00f6rs\u00f6ka med mammas och internets hj\u00e4lp. Kommer jag att lyckas?<\/p>\n<\/div>\n","protected":false},"excerpt":{"rendered":"<p>Till att b\u00f6rja med Jag intervjuade nyss en konsumtionsforskare som bland annat har tittat p\u00e5 hur det ska g\u00e5 f\u00f6r landsbygden: Finns det n\u00e5gra trender som drar folk FR\u00c5N stan och TILL landet? Hon hade hittat n\u00e5gra. En s\u00e5dan trend \u00e4r str\u00e4van efter autenticitet, \u00e4kthet. Man vill baka sitt br\u00f6d, arbeta med redskap, odla sina &hellip; <a href=\"https:\/\/sundin-beck.se\/skyttel\/\" class=\"more-link\">Forts\u00e4tt l\u00e4sa <span class=\"screen-reader-text\">Att v\u00e4va eller inte<\/span><\/a><\/p>\n","protected":false},"author":1,"featured_media":0,"parent":0,"menu_order":0,"comment_status":"closed","ping_status":"closed","template":"","meta":{"jetpack_post_was_ever_published":false,"footnotes":""},"class_list":["post-2","page","type-page","status-publish","hentry"],"jetpack_sharing_enabled":true,"jetpack_shortlink":"https:\/\/wp.me\/P5Lwsm-2","_links":{"self":[{"href":"https:\/\/sundin-beck.se\/skyttel\/index.php?rest_route=\/wp\/v2\/pages\/2","targetHints":{"allow":["GET"]}}],"collection":[{"href":"https:\/\/sundin-beck.se\/skyttel\/index.php?rest_route=\/wp\/v2\/pages"}],"about":[{"href":"https:\/\/sundin-beck.se\/skyttel\/index.php?rest_route=\/wp\/v2\/types\/page"}],"author":[{"embeddable":true,"href":"https:\/\/sundin-beck.se\/skyttel\/index.php?rest_route=\/wp\/v2\/users\/1"}],"replies":[{"embeddable":true,"href":"https:\/\/sundin-beck.se\/skyttel\/index.php?rest_route=%2Fwp%2Fv2%2Fcomments&post=2"}],"version-history":[{"count":3,"href":"https:\/\/sundin-beck.se\/skyttel\/index.php?rest_route=\/wp\/v2\/pages\/2\/revisions"}],"predecessor-version":[{"id":133,"href":"https:\/\/sundin-beck.se\/skyttel\/index.php?rest_route=\/wp\/v2\/pages\/2\/revisions\/133"}],"wp:attachment":[{"href":"https:\/\/sundin-beck.se\/skyttel\/index.php?rest_route=%2Fwp%2Fv2%2Fmedia&parent=2"}],"curies":[{"name":"wp","href":"https:\/\/api.w.org\/{rel}","templated":true}]}}