{"id":2,"date":"2016-02-20T17:57:03","date_gmt":"2016-02-20T16:57:03","guid":{"rendered":"https:\/\/sundin-beck.se\/sop\/?page_id=2"},"modified":"2016-05-26T12:36:13","modified_gmt":"2016-05-26T10:36:13","slug":"projektdagbok","status":"publish","type":"page","link":"https:\/\/sundin-beck.se\/sop\/projektdagbok\/","title":{"rendered":"Projektdagbok"},"content":{"rendered":"<p>PROJEKTDAGBOK<\/p>\n<p>&nbsp;<\/p>\n<p>9 februari:<\/p>\n<p>Jag \u00e4r v\u00e4lkommen till VIVAB som har huvudkontor i Falkenberg f\u00f6r att presentera mig och mitt projekt. VIVAB \u00e4r Varbergs och Falkenbergs gemensamma avfallshanteringsbolag. Min plan \u00e4r att fota p\u00e5 Hamngatans \u00c5tervinningscentral i Varberg, eftersom den ligger n\u00e4ra mitt hem.<\/p>\n<p>I Falkenberg m\u00f6ter jag Johan F\u00e4lth, avfallscehefen. Han har ocks\u00e5 med sig Frida Rosenberg, kommunikationsansvarig. De lyssnar p\u00e5 mig under n\u00e5gra minuter n\u00e4r jag f\u00f6rklarar vad jag vill g\u00f6ra och \u00e4r allm\u00e4nt v\u00e4lvilliga. Fr\u00e5gor och p\u00e5pekanden jag f\u00e5r: \u201dVi har nyare och fr\u00e4schare stationer att fota \u2026 Kan vi anv\u00e4nda bilderna sedan? T\u00e4nk p\u00e5 att det kan vara k\u00e4nsligt vilka sopor man sl\u00e4nger. Alla kanske inte vill vara med p\u00e5 bild. Hur ska det redovisas? Kan vi f\u00e5 tillg\u00e5ng till bilderna?\u201d<\/p>\n<p>Jag lovar inte att bilderna blir anv\u00e4ndbara f\u00f6r dem, men d\u00e4remot f\u00e5r de f\u00f6rst\u00e5s g\u00e4rna se dem. Vi kommer \u00f6verens om att Johan informerar personalen p\u00e5 \u00c5C i Varberg och att jag \u00e4r v\u00e4lkommen till fikat p\u00e5 torsdag den 11 februari.<\/p>\n<p>&nbsp;<\/p>\n<p>11 februari:<\/p>\n<p>Fotodag 1. V\u00e4dret \u00e4r en smula dystert men bra f\u00f6r fotografering. Jag tar p\u00e5 t\u00e4ckbyxor och jacka och min nya varselv\u00e4st. P\u00e5 \u00c5C bjuder jag p\u00e5 vetebr\u00f6d och h\u00e4lsar p\u00e5 alla. Jag blir v\u00e4l mottagen. Stationsansvarig heter Christer.<\/p>\n<p>-Du borde fota p\u00e5 den nya stationen sedan, s\u00e4ger en. Den h\u00e4r ska l\u00e4ggas ner. Men alla beslut \u00e4r v\u00e4l inte klara.<\/p>\n<p>Sedan fotar jag fr\u00e5n olika punkter under tv\u00e5 timmar. Jag v\u00e4ljer ut vissa punkter som ska vara enkla att hitta tillbaka till f\u00f6r bildserierna och tar bilder av dessa punkter ocks\u00e5.<\/p>\n<p>Jag blir n\u00f6jd med vissa bilder men tror redan att jag har svaret p\u00e5 en av mina fr\u00e5gor: G\u00e5r det att f\u00f6rmedla hopp med bilderna? Jag misst\u00e4nker att det blir sv\u00e5rt och att svaret \u00e4r nej, eftersom jag inte vill fota m\u00e4nniskor i f\u00f6rsta hand.<\/p>\n<p>\u00c5 andra sidan har jag redan en ny projektid\u00e9. Den k\u00e4nner jag ocks\u00e5 mycket f\u00f6r, men jag tror att den tar f\u00f6r l\u00e5ng tid att f\u00f6rverkliga under denna kurs. Kanske kan jag g\u00f6ra min sopsorteringsid\u00e9 och samtidigt b\u00f6rja skissa p\u00e5 n\u00e4sta id\u00e9, som kr\u00e4ver mycket mer arbete? Den b\u00f6r dessutom fotas under sensommar \u2013 h\u00f6st.<\/p>\n<p>&nbsp;<\/p>\n<p>NY PROJEKTID\u00c9:<\/p>\n<p>Bakgrund<\/p>\n<p>(Den kan utvecklas och teoretiseras om det beh\u00f6vs.)<\/p>\n<p>Min mamma brukar s\u00e4ga att motorv\u00e4gen E6 har f\u00f6rf\u00f6ljt henne. Det \u00e4r v\u00e4l en sanning med modifikation, men sant \u00e4r att sedan 1970-talet har hon f\u00e5tt se den stora motorleden knapra p\u00e5 ett h\u00f6rn av f\u00f6r\u00e4ldrahemmet i Fj\u00e4r\u00e5s och d\u00e4refter hamna i synf\u00e4ltet fr\u00e5n hennes nuvarande eget hem norr om Varberg i Torpa.<\/p>\n<p>Hon \u00e4r inte ensam om att se en motorled d\u00e4r det f\u00f6rut mest var jordbruksmark. Ibland sk\u00e4r leden som en osthyvel rakt igenom berg och skog. Hela Halland \u00e4r \u00f6verk\u00f6rt. \u00c4ven om V\u00e4gverket uttrycker det annorlunda i sin bok om E6 genom Halland.<\/p>\n<p>Snacka om Antropocen.<\/p>\n<p>&nbsp;<\/p>\n<p><em>PROBLEM<\/em><\/p>\n<p><em>Vad s\u00e4ger bilderna f\u00f6re och efter anl\u00e4ggningen av motorv\u00e4gen genom Halland? Hur s\u00e5g det ut f\u00f6rut? Och hur ser det ut nu?<\/em><\/p>\n<p>&nbsp;<\/p>\n<p><em>SYFTE<\/em><\/p>\n<p><em>Att med hj\u00e4lp historiska bilder fr\u00e5n tiden fram till 1970- och 1980-talet, d\u00e5 den stora utbyggnaden \u00e4gde rum, och nytagna foton fr\u00e5n samma punkter, s\u00e5 l\u00e5ngt det \u00e4r m\u00f6jligt, erbjuda j\u00e4mf\u00f6relseobjekt och en inblick i en stor f\u00f6r\u00e4ndring som kommer att ge framtidens geologer och arkeologer n\u00e5got att t\u00e4nka p\u00e5.<\/em><\/p>\n<p><em>METODER<\/em><\/p>\n<p><em>Utg\u00e5 fr\u00e5n historiska bilder. Jag har n\u00e5gra sj\u00e4lv.<\/em><\/p>\n<p><em>F\u00f6rs\u00f6ka identifiera var fotografen stod.<\/em><\/p>\n<p><em>Refoto.<\/em><\/p>\n<p><em>Projektdagbok.<\/em><\/p>\n<p><em>Etik<\/em><\/p>\n<p><em>Vissa bilder m\u00e5ste tas fr\u00e5n privat mark, men det b\u00f6r g\u00e5 att ordna med artighet och sunt f\u00f6rnuft.<\/em><\/p>\n<p><em>TIDPLAN<\/em><\/p>\n<p><em>Det m\u00e5ste l\u00e4mnas lite \u00f6ppet just nu, eftersom jag ska avsluta sopsorteringsfotona f\u00f6rst. Men arbetsg\u00e5ngen ser ut ungef\u00e4r s\u00e5 h\u00e4r:<\/em><\/p>\n<p><em>1 Historiska bilder: Fotoarkiv\/Kontakter med V\u00e4gverket f\u00f6r eventuella arkivbilder \u201df\u00f6re\u201d \/Eventuellt knacka d\u00f6rr f\u00f6r att f\u00e5 privata bilder\/ HN:s l\u00e4gg?\/Hallands museum\/ hembygdsf\u00f6reningar\/ Str\u00e5valla kyrka med flera fixpunkter som kan t\u00e4nkas ha bilder fr\u00e5n \u201df\u00f6re\u201d\/efterlysningar\/ Hallands museum osv med flera kulturinstitutioner \/<\/em><\/p>\n<p><em>2\u00a0 Reng\u00f6ring och skanning av gamla foton<\/em><\/p>\n<p><em>3\u00a0 Sensommaren: Retake<\/em><\/p>\n<p>&nbsp;<\/p>\n<p>13 februari:<\/p>\n<p>Fotodag 2 och l\u00f6rdag. Jag tar snabbt fr\u00e5n vissa fixpunkter. Str\u00e5lande sol och sv\u00e5rt fotov\u00e4der. En dam tillfr\u00e5gas: F\u00e5r jag fota n\u00e4r du sl\u00e4nger skr\u00e4p? Men hon tar sig \u00e5t h\u00e5ret och s\u00e4ger nja. Annan, yngre dam s\u00e4ger ja, om det handlar om milj\u00f6.\u00a0 Det \u00e4r full fart och m\u00e5nga bilar som kommer och far. Mina v\u00e4nner i personalen vinkar igenk\u00e4nnande.<\/p>\n<p>15 \u2013 16 februari: G\u00f6teborg, seminarier och filmvisningar<\/p>\n<p>Det ger ofta nya uppslag och infallsvinklar att samtala med mina kurskolleger. De \u00e4r beresta och v\u00e4rldsvana och snabba i huvudet. Det \u00e4r j\u00e4ttekul att vi har s\u00e5 olika ing\u00e5ngar.<\/p>\n<p>Dock undrar jag lite \u00f6ver kursinneh\u00e5llet \u2013 \u00e4r detta en teoretisk eller praktisk kurs? Tyrone verkar \u00f6ppen f\u00f6r de mesta, s\u00e5 jag kommer att st\u00e4lla fler bildfr\u00e5gor om komposition och teknik, samt en massa annat. Hittills har teorin inbegripit historiska \u00f6versikter \u00f6ver \u00e4mnets framv\u00e4xt. M\u00e5nga namntips. Jag k\u00e4nner en viss leda \u00f6ver revirpissningen, som f\u00f6rst\u00e5s m\u00e5ste f\u00f6lja med n\u00e4r man inmutar ett forskningsomr\u00e5de och m\u00e5ste s\u00f6ka anslag. Jaja. Jag \u00e4r f\u00f6r gammal f\u00f6r att g\u00e5 p\u00e5 det. N\u00e5gra fler akademiska po\u00e4ng beh\u00f6ver jag inte heller l\u00e4ngre.<\/p>\n<p>Men min v\u00e4rld har onekligen blivit st\u00f6rre av alla fotografnamn som jag tack vare n\u00e4tet kan kolla vidare p\u00e5.<\/p>\n<p>Heidi Morstangs filmer och bilder var ocks\u00e5 v\u00e4ldigt inspirerande. Hon var en god pedagog n\u00e4r det g\u00e4ller dokument\u00e4rfilmning.<\/p>\n<p>Och ingen har \u00e4nnu n\u00e4mnt ordet konst. S\u00e5 jag tror inte att det handlar om det.<\/p>\n<p>&nbsp;<\/p>\n<p>Onsdag 17 februari:<\/p>\n<p>Snabbt fotobes\u00f6k. Fler h\u00f6gar. Har det h\u00e4nt n\u00e5got? Flish\u00f6gen ligger kvar och \u00e4r nu min favorit. Sist den flisades p\u00e5 plats av en flisbil inneh\u00f6ll den 12 000 \u2013 13 000 kubikmeter. Hur mycket skog motsvarar det? Hur m\u00e5nga lastbilar? Men d\u00e5 hade den varit stor efter sommaren, s\u00e4ger rampv\u00e4rden p\u00e5 \u00c5C.<\/p>\n<p>Under sommaren f\u00e5r man enligt honom inte flisa, eftersom man d\u00e5 st\u00f6r. Jag tror att det \u00e4r h\u00e4ckningen. Getter\u00f6ns f\u00e5gelstation ligger inom synh\u00e5ll.<\/p>\n<p>&nbsp;<\/p>\n<p>Torsdag 18 februari:<\/p>\n<p>Sn\u00f6n \u00e4r tillbaka. Mycket grafiskt verkningsfullt, men det enda jag ser genom s\u00f6karen \u00e4r fortfarande h\u00f6gar \u2013 inget annat. Tr\u00f6st eller hopp \u00e4r det inga sp\u00e5r av.<\/p>\n<p>Nu b\u00f6rjar jag t\u00e4nka att det handlar om sorg. Sorg \u00f6ver allt som f\u00f6rsvinner och inte tas tillvara.<\/p>\n<p>Man \u00e4r ju hj\u00e4lpl\u00f6s, snarare \u00e4n hoppfull, inf\u00f6r sopm\u00e4ngderna, avfallsm\u00e4ngderna. Allt ger avfall. Vi l\u00e4mnar s\u00e5 mycket skit efter oss. Vi l\u00e4mnar ocks\u00e5 en massa fina anv\u00e4ndbara saker efter oss, men eftersom de inte \u00e4r av v\u00e4rde f\u00f6r oss, s\u00e5 \u00e4r de v\u00e4rdel\u00f6sa och kan l\u00e4mnas p\u00e5 \u00c5C.<\/p>\n<p>Det lustiga \u00e4r att det r\u00e4knas som st\u00f6ld om man tar n\u00e5got av detta v\u00e4rdel\u00f6sa fr\u00e5n \u00c5C. Det sa i alla fall Sara, som sk\u00f6ter om den nya avdelningen p\u00e5 \u00c5C. D\u00e4r kan man l\u00e4mna hela saker som man sj\u00e4lv inte vill ha men som man tror kan komma andra till gl\u00e4dje: Saras omr\u00e5de ligger under ett nytt litet tak mellan tv\u00e5 containrar. D\u00e4r tar hon emot hela saker som sedan h\u00e4mtas endast av Second hand- firmor. \u201dOm n\u00e5gon annan tar det, \u00e4r det st\u00f6ld\u201d, sa hon.<\/p>\n<p>Det v\u00e4rdel\u00f6sa \u00e4r allts\u00e5 v\u00e4rdefullt igen.<\/p>\n<p>&nbsp;<\/p>\n<p>S\u00f6ndag 28 februari:<\/p>\n<p>Jag har b\u00f6rjat ordna webbplatsen. Det \u00e4r fortfarande flish\u00f6gen som \u00e4r mitt fokus, men andra bilder som jag gillar l\u00e4gger jag ocks\u00e5 upp under respektive fotodagar. Jag har ocks\u00e5 gjort merge-bilder i photoshop. Funkar bra.<\/p>\n<p>Flish\u00f6gen har ett eget inl\u00e4gg och varje bild f\u00e5r datum och tid. Alla bilder \u00e4r just nu oredigerade, en del har till och med skr\u00e4p p\u00e5 linsen, kanske en vattendroppe eller liknande.<\/p>\n<p>&nbsp;<\/p>\n<p>L\u00f6rdag 5 mars:<\/p>\n<p>Har varit p\u00e5 bes\u00f6k d\u00e5 och d\u00e5 under veckan och fotat. Lyckades f\u00e5nga ett h\u00e4ftigt sn\u00f6fall, verkligt stora flingor, men kameran for illa och fick ligga p\u00e5 ett element efter\u00e5t f\u00f6r att torka.<\/p>\n<p>Flish\u00f6gen \u00e4r fortfarande bara en flish\u00f6g. Den v\u00e4xer dock i omkrets och jag har uppt\u00e4ckt en baksida. Det gav mig lite l\u00e4tt dokumentations\u00e5ngest att jag inte hade fotograferat h\u00f6gen runtom och ur alla t\u00e4nkbara vinklar.\u00a0 Men jag s\u00e4ger till mig sj\u00e4lv att detta ska vara ett rimligt projekt som ska ros i land i maj. Det m\u00e5ste vara hanterbart och i lagom omfattning. Bildmaterialet tenderar \u00e4nd\u00e5 redan att sv\u00e4lla ut.<\/p>\n<p>I samtal med Leif har jag ocks\u00e5 f\u00e5tt en ny id\u00e9 som jag kan forts\u00e4tta med, n\u00e4r flish\u00f6gen i slutet av mars troligen \u00e4r just flisad och bortk\u00f6rd.<\/p>\n<p>Dessa avfallsm\u00e4ngder \u00e4r ju inte l\u00e4ngre sopor i den gamla bem\u00e4rkelsen att de \u00e4r v\u00e4rdel\u00f6sa. Inte minst \u00e4r soporna business som oms\u00e4tter pengar.\u00a0 Inte heller kan d\u00e5 sopgubbarna vara bara sopgubbar. De arbetar inte med samh\u00e4llets avigsida, avfallet, utan med samh\u00e4llets rikedomar &#8211; det som kan f\u00f6rvandlas till guld.\u00a0 Jag borde kunna gestalta det i bilder, d\u00e4r &#8221;sopgubbarna&#8221; som fotomodeller b\u00e4r fram det v\u00e4rdefulla som de varje dag handskas med p\u00e5 jobbet.<\/p>\n<p>Det g\u00e4ller bara att f\u00e5 dem med p\u00e5 id\u00e9n.<\/p>\n<p>&nbsp;<\/p>\n<p>L\u00f6rdag 12 mars:<\/p>\n<p>En snabbvisit och min &#8221;vanliga&#8221; runda med foton p\u00e5 flish\u00f6gen. En v\u00e5rl\u00f6rdag \u00e4r det verkligen full fart p\u00e5 \u00c5C. Bilarna cirkulerar enligt ett best\u00e4mt m\u00f6nster. Detta var min tionde fotodag. Vart g\u00e5r jag?\u00a0 Projektet k\u00e4nns inte helt uppstyrt. Jag hade ett syfte, men att gestalta\u00a0 &#8221;hopp&#8221; k\u00e4ndes omedelbart om\u00f6jligt. Vi f\u00e5r v\u00e4l se.\u00a0 Tillsammans med den planerade portr\u00e4ttserien kan det \u00e4nd\u00e5 bli n\u00e5got.<\/p>\n<p>Jag har talat med min kollega Sven om att l\u00e5na hans utrustning, och Leif och jag vill b\u00e5da ha belysning f\u00f6r att kunna &#8221;reprofota&#8221; (Leif)\u00a0 och arrangera bilder (jag). D\u00e5 skulle det kunna bli riktigt h\u00e4ftiga portr\u00e4tt fr\u00e5n \u00c5C.<\/p>\n<p>Webbplatsen \u00e4r ett s\u00e4tt f\u00f6r mig att hantera materialet, men pl\u00f6tsligt slog serverutrymmet i taket. Jag hade inte t\u00e4nkt p\u00e5 att importerade bilder var tunga, \u00e4ven om de f\u00f6rminskades i bloggen f\u00f6r att passa p\u00e5 n\u00e4tet. I bloggens mediebibliotek \u00e4r de ju \u00e4nd\u00e5 stora. Allts\u00e5 fick jag s\u00e4tta ig\u00e5ng med stora omvandlingsoperationerna i Photoshop. Allt tar tid.<\/p>\n<p>21 mars:<\/p>\n<p>Efter att ha lyssnat till Eva La Cour\u00a0 k\u00e4nner man sig inspirerad. Mycket med ljud\u00a0 i hennes filmer fr\u00e5n fr\u00f6lagret p\u00e5 Svalbard och skogen i Karelen med obearbetade m\u00e4nniskorester fr\u00e5n slaget under andra v\u00e4rldskriget.<\/p>\n<p>Jag v\u00e5gar nog inte ta itu med att dessutom filma i detta projekt. Men det \u00e4r hursomhelst intressant att h\u00f6ra konstn\u00e4rer ber\u00e4tta om sina utg\u00e5ngspunkter. Hittade en rolig filmeffekt i ipaden, s\u00e5 kanske \u00e4nd\u00e5? De g\u00e5nger jag har f\u00f6rs\u00f6kt mig p\u00e5 att filma, ser man vilken teknik som kr\u00e4vs om man filmar p\u00e5 frihand. Stativet \u00e4r i Norge &#8230; Varje andning och avslutstryck f\u00e5r hela kameran att gunga.<\/p>\n<p>Jag har raderat alla bilder fr\u00e5n bloggen, sparat ner dem f\u00f6r webben och lagt upp dem igen. Tog tid. Men nu ligger de d\u00e4r, och f\u00f6rhoppningsvis kan man f\u00e5 n\u00e5gon material\u00f6verblick bara genom detta.<\/p>\n<p>Chefen f\u00f6r \u00c5C, Christer, lovade att ringa n\u00e4r flisbilen kommer. Jag beh\u00f6vde bara l\u00e4gga en rosa lapp p\u00e5 hans skrivbord med mitt telefonnummer. S\u00e5 det gjorde jag. Senaste fototillf\u00e4llet, Dag 11, var min kamera i Norge, s\u00e5 jag fick h\u00e5lla till godo med ipaden. Det gav en annan bildvinkel &#8211; st\u00f6rre vidvinkel &#8211; och s\u00e4mre uppl\u00f6sning. Men OK. Och s\u00e5 fanns ju den d\u00e4r roliga filmfunktionen som jag g\u00e4rna vill pr\u00f6va igen.<\/p>\n<p>Nu grunnar jag vidare p\u00e5 de arrangerade bilderna med &#8221;dyrbarheter&#8221; i v\u00e4ntan p\u00e5 flisbilens ankomst.\u00a0 Jag har \u00e4ven kn\u00e5pat lite med photoshop i n\u00e5gra fall. Det blir ganska vackert, faktiskt. Kanske kan bli n\u00e5got.<\/p>\n<p>Tisdag 12 april:<\/p>\n<p>Jag har nu avslutat Dag 15 p\u00e5 tippen. Flisbilen har \u00e4nnu inte kommit. Jag har dock f\u00f6rs\u00f6kt att filma aktiviteter p\u00e5 tippen, b\u00e5de med ipaden och kameran. K\u00e4nns som om det kr\u00e4vs en hel del klippning f\u00f6r att bli anv\u00e4ndbart.<\/p>\n<p>Mark Klett och hans tv\u00e5 studenter Buzzy och Taylor gav en hel del inspiration. Det finns mycket att g\u00f6ra om man t\u00e4nker rephoto. Men jag h\u00f6rde en av \u00e5h\u00f6rarna fr\u00e5n forskarg\u00e4nget s\u00e4ga att det var ganska f\u00f6ruts\u00e4gbart. Kanske det. Men f\u00f6r mitt projekt i sensommar, \u00c4skatorp, eller ska jag kalla det pepparrot?, passar metoden bra. Det \u00e4r verkligen en metod och jag tycker att n\u00e5gra av landskapsbilderna fr\u00e5n \u00c4skatorp passar bra som underlag f\u00f6r rephoto.<\/p>\n<p>Det blir en hel del tekniskt snack p\u00e5 seminarierna, fotografer \u00e4r verkligen n\u00f6rdar. Och jag \u00e4r en av dem. Om jag saknar n\u00e5got, s\u00e5 \u00e4r det diskussionen om vad bilderna s\u00e4ger betraktaren. Vilken \u00e4r ber\u00e4ttelsen? Ibland \u00e4r det ju inte den man sj\u00e4lv tror, utan n\u00e5got helt annat. Materialet (texten, bilden)\u00a0 \u00e4r alltid klokare \u00e4n man sj\u00e4lv.<\/p>\n<p>S\u00e5 vad s\u00e4ger ett antal bilder p\u00e5 en flish\u00f6g?<\/p>\n<p>S\u00f6ndag 14 maj:<\/p>\n<p>Flish\u00f6gen har i v\u00e4ntan p\u00e5 flisbilen vuxit, men som tidigare ser man det mest p\u00e5 omf\u00e5nget p\u00e5 marken, den areal den upptar. Mest har den vuxit p\u00e5 baksidan mot v\u00e4garna och f\u00e5gelskyddsomr\u00e5det. P\u00e5 mina bilder m\u00e4rks det allts\u00e5 inte s\u00e5 mycket. Det \u00e4r f\u00f6rst\u00e5s inte bra ur fotosynpunkt, men verkligheten \u00e4r inte alltid upplagd med tanke p\u00e5 en fotograf.<\/p>\n<p>Nu har emellertid flisbilen b\u00e5de kommit och g\u00e5tt.\u00a0 Vid mitt f\u00f6rsta fototillf\u00e4lle var det kallt och bl\u00e5sigt och det h\u00e4nde att en iskall regndroppe sl\u00e4ngde sig ner. Jag bytte fotoposition f\u00f6r att f\u00e5 bra bilder och hamnade i flistuggens vindriktning. Kameran blev dammig, och sm\u00e5skr\u00e4p letade sig in i b\u00e5de kamerahus och vidvinkelzoom.\u00a0 Ljudet var fruktansv\u00e4rt h\u00f6gt och hela \u00c5terfallscentralen p\u00e5verkades.<\/p>\n<p>Flisaren styrs med en fj\u00e4rrkontroll. En skopa p\u00e5 en lastmaskin lyfter upp det som ska flisas till ett transportband som matar fram mot valsar med piggar. Valsarna trycker materialet mot pl\u00e5tar och galler i tuggen. En magnet, monterad \u00f6ver transportbandet, ska sortera bort metall, exempelvis spikar. Aluminium, som inte \u00e4r magnetiskt, sorteras ut om det inte f\u00f6ljer med \u201dkl\u00e4mt\u201d mellan magnetiskt material.<\/p>\n<p>N\u00e4sta dag f\u00f6r mitt bes\u00f6k stod flistuggen stilla. En packning beh\u00f6vde bytas. Jag fick tillf\u00e4lle att tala med f\u00f6raren av lastmaskinen, och han st\u00e4llde upp som fotomodell i den flisade h\u00f6gen. Den v\u00e4xer till oanade h\u00f6jder bakom det oflisade tr\u00e4et. En erfaren f\u00f6rare m\u00e5ste skopa upp flis och bygga upp en h\u00f6g i avsatser som lastaren sj\u00e4lv ska kunna k\u00f6ra upp p\u00e5.<\/p>\n<p>Det \u00e4r tre maskiner ig\u00e5ng samtidigt, n\u00e4r allt fungerar: En lastmaskin f\u00f6rser flistuggen med material, som flisas och sprutar ut i just flisor. En annan maskin med skopa skyfflar bort det f\u00e4rdigflisade och l\u00e4gger i den nya flish\u00f6gen samt makar ihop \u00e5tervinningsmaterialt s\u00e5 att det g\u00e5r att greppa n\u00e4r det ska ner i flisaren. I vissa \u00f6gonblick l\u00f6per allt p\u00e5 som en koreograferad dans: Skopor drar mot marken, h\u00f6js och gapar, t\u00f6mmer sig p\u00e5 r\u00e4tt st\u00e4lle, flistuggen str\u00e4cker nacken och flisen matas ut i oj\u00e4mna str\u00f6mmar, h\u00f6gar av material skyfflas i r\u00e4tt \u00f6gonblick till r\u00e4tt h\u00f6g, det \u00e4r flytande r\u00f6relser och mycket ljud.<\/p>\n<p>S\u00e5 forts\u00e4tter det under en dryg vecka och jag hinner med n\u00e5gra bes\u00f6k. Till slut \u00e4r \u00e5tervinningsmaterialet genomtuggat. Min ursprungliga h\u00f6g med spretigt \u00e5tervinningstr\u00e4 \u00e4r bara n\u00e5gra pinnar p\u00e5 marken framf\u00f6r en gyllengul flisad h\u00f6g.<\/p>\n<p>Men hela tiden forts\u00e4tter personbilarna, ibland med sl\u00e4pk\u00e4rror, att backa upp mot \u00e5tervinningsh\u00f6gen. Till slut kommer en man med tr\u00e4bitar i bakluckan. Han g\u00e5r fram mot lastskopan,\u00a0 talar med f\u00f6raren och f\u00e5r lasta ur bakluckan direkt i den stora skopan. Men sedan k\u00f6rs \u00e4ven hans tr\u00e4bitar till flistuggen och den stora grusplanen framf\u00f6r flish\u00f6gen \u00e4r n\u00e4stan tom p\u00e5 \u00e5tervinningstr\u00e4. Allt \u00e4r slut.<\/p>\n<p>Just d\u00e5 kommer en lastbil med en lysande gr\u00f6n container och tippar \u00e5tervinningsmaterial igen. Nu b\u00f6rjar det om.<\/p>\n<p>&nbsp;<\/p>\n<p>26 maj:<\/p>\n<p>Det \u00e4r dags f\u00f6r examination. Mitt arbete under kursen Valand: Milj\u00f6 och fotografi \u00e4r avslutat. Men jag ser fram mot forts\u00e4ttningen! Klicka nedan, s\u00e5 \u00f6ppnar sig en presentation.<\/p>\n<p><a href=\"https:\/\/sundin-beck.se\/sop\/wp-content\/uploads\/2016\/02\/litenflisan.pdf\" rel=\"\">litenflisan<\/a><\/p>\n","protected":false},"excerpt":{"rendered":"<p>PROJEKTDAGBOK &nbsp; 9 februari: Jag \u00e4r v\u00e4lkommen till VIVAB som har huvudkontor i Falkenberg f\u00f6r att presentera mig och mitt projekt. VIVAB \u00e4r Varbergs och Falkenbergs gemensamma avfallshanteringsbolag&#8230;.<\/p>\n","protected":false},"author":1,"featured_media":0,"parent":0,"menu_order":0,"comment_status":"closed","ping_status":"open","template":"","meta":[],"_links":{"self":[{"href":"https:\/\/sundin-beck.se\/sop\/wp-json\/wp\/v2\/pages\/2"}],"collection":[{"href":"https:\/\/sundin-beck.se\/sop\/wp-json\/wp\/v2\/pages"}],"about":[{"href":"https:\/\/sundin-beck.se\/sop\/wp-json\/wp\/v2\/types\/page"}],"author":[{"embeddable":true,"href":"https:\/\/sundin-beck.se\/sop\/wp-json\/wp\/v2\/users\/1"}],"replies":[{"embeddable":true,"href":"https:\/\/sundin-beck.se\/sop\/wp-json\/wp\/v2\/comments?post=2"}],"version-history":[{"count":21,"href":"https:\/\/sundin-beck.se\/sop\/wp-json\/wp\/v2\/pages\/2\/revisions"}],"predecessor-version":[{"id":352,"href":"https:\/\/sundin-beck.se\/sop\/wp-json\/wp\/v2\/pages\/2\/revisions\/352"}],"wp:attachment":[{"href":"https:\/\/sundin-beck.se\/sop\/wp-json\/wp\/v2\/media?parent=2"}],"curies":[{"name":"wp","href":"https:\/\/api.w.org\/{rel}","templated":true}]}}