{"id":37,"date":"2016-02-20T19:24:04","date_gmt":"2016-02-20T18:24:04","guid":{"rendered":"https:\/\/sundin-beck.se\/sop\/?page_id=37"},"modified":"2016-03-06T15:56:49","modified_gmt":"2016-03-06T14:56:49","slug":"projektbeskrivning","status":"publish","type":"page","link":"https:\/\/sundin-beck.se\/sop\/projektbeskrivning\/","title":{"rendered":"Projektbeskrivning"},"content":{"rendered":"<p>Bakgrund<\/p>\n<p>\u201dDet finns absolut ingen anledning till oro. L\u00e4get \u00e4r under kontroll. Vi vet vad vi g\u00f6r.\u201d<\/p>\n<p>S\u00e5 skulle jag g\u00e4rna s\u00e4ga till tretton\u00e5ringen som \u00e4r m\u00e5ttligt intresserad av sopsortering. Hans argument f\u00f6r att strunta i sopfraktionering avsl\u00f6jar en djup oro. Han s\u00e4ger ingenting direkt, men det \u00e4r klart att han \u00e4r orolig:<\/p>\n<p>&#8211;Om tv\u00e5 hundra \u00e5r g\u00e5r jorden \u00e4nd\u00e5 under, klimatkatastrofen \u00e4r h\u00e4r och ingen kan leva p\u00e5 jorden l\u00e4ngre. Det s\u00e4ger alla.<\/p>\n<p>Vad t\u00e4nker du om det, vill jag fr\u00e5ga. Tycker du verkligen att det \u00e4r on\u00f6digt att g\u00f6ra n\u00e5got \u00e5t det? Ska vi ge upp? Vi kan v\u00e4l i alla fall sortera soporna?<\/p>\n<p>Att som konsument sortera sopor \u00e4r en konkret handling som de flesta klarar av. Ibland kr\u00e4vs tr\u00e4ning. Varf\u00f6r ska Bregott-burkens lock sorteras som den plast den verkar vara, medan sj\u00e4lva beh\u00e5llaren ska sorteras som f\u00f6rpackning? Med dessa sm\u00e5 pedagogiska knep styr f\u00f6rpackningsindustrin mellan Scylla och Charybdis, och vi h\u00e4nger med s\u00e5 gott det g\u00e5r. F\u00f6r det \u00e4r klart att vi vill hj\u00e4lpa till.<\/p>\n<p>G\u00f6r vi vad vi kan?<\/p>\n<p>Detta \u00e4r ett \u00e4mne f\u00f6r en visuell ess\u00e4 som jag g\u00e4rna skulle arbeta med under kursen. Jag har inte tidigare fotograferat just detta. Jag \u00e4r intresserad av att g\u00e5 vidare med mitt fotograferande och vill l\u00e4ra mig att b\u00e4ttre gestalta m\u00e4nniska i samspel med milj\u00f6. Just nu har jag blickarna p\u00e5 en \u00e5tervinningscentral.<\/p>\n<p>D\u00e4r ligger hela samh\u00e4llet i \u00f6ppen dager. M\u00e4n kommer i bilar och sl\u00e4nger, kvinnor f\u00f6ljer med och sorterar, sopguider visar till r\u00e4tt container, lastbilar och traktorer flyttar massor. Klass, k\u00f6n, \u00e5lder, ekonomi och h\u00e4lsa \u2013 allt p\u00e5verkar din inst\u00e4llning till avfall och sopsortering och om du bes\u00f6ker en \u00e5tervinningscentral. G\u00e5r det att gestalta med kameran?<\/p>\n<p>\u00c4r det m\u00f6jligt att med fotografi g\u00f6ra v\u00e4rlden och sophanteringen mer begriplig? Kan man f\u00f6rmedla b\u00e5de fakta och hopp genom bilder? \u00c4r fotot n\u00e5got mer \u00e4n redovisning \u2013 kan det dessutom gestalta en v\u00e4rld d\u00e4r avfallet finns \u00f6verallt, och d\u00e4r vi \u00e4nd\u00e5 kan g\u00f6ra en insats f\u00f6r milj\u00f6n med ett stort framtidshopp?<\/p>\n<p>PROBLEM<\/p>\n<p>\u00c4r det m\u00f6jligt att fotografiskt gestalta hopp om v\u00e4rlden i samband med sopsortering?<\/p>\n<p>SYFTE<\/p>\n<p>Att med hj\u00e4lp av kameran och en systematisk fotografering av en \u00c5tervinningscentral unders\u00f6ka problemet, formulera bilder och gestalta &#8211; g\u00e4rna hopp, men i brist p\u00e5 detta kanske \u201dbeauty\u201d eller tidens g\u00e5ng.<\/p>\n<p>METOD<\/p>\n<p>1 N\u00e5gra viktiga fasta punkter p\u00e5 \u00c5C identifieras. Jag \u00e5terkommer med kameran under kursens g\u00e5ng (februari &#8211; april\/maj?) och tar fr\u00e5n dessa punkter bilder. Bilderna bildar en tidsserie.<\/p>\n<p>2 Jag l\u00e5ter andra bilder styras av tiden, ljuset och inspirationen.<\/p>\n<p>3 Projektdagbok.<\/p>\n<p>Etik<\/p>\n<p>Jag har till\u00e5telse av avfallschefen att fotografera och har talat med de anst\u00e4llda p\u00e5 \u00c5C. De bes\u00f6kare som sl\u00e4nger skr\u00e4p tillfr\u00e5gas om fotografering.<\/p>\n<p>TIDPLAN<\/p>\n<p>Februari, mars: Fotografering enligt ovan flera dagar i veckan, s\u00e4rskilt under februari och mars.<\/p>\n<p>April: Eventuella kompletteringar. Arbete i photoshop och sammanst\u00e4llning.<\/p>\n<p>Maj: F\u00e4rdigst\u00e4llande. Val av publiceringsform. Eventuell skriftlig dokumentation.<\/p>\n<p>&nbsp;<\/p>\n<p>&nbsp;<\/p>\n<p>&nbsp;<\/p>\n","protected":false},"excerpt":{"rendered":"<p>Bakgrund \u201dDet finns absolut ingen anledning till oro. L\u00e4get \u00e4r under kontroll. Vi vet vad vi g\u00f6r.\u201d S\u00e5 skulle jag g\u00e4rna s\u00e4ga till tretton\u00e5ringen som \u00e4r m\u00e5ttligt intresserad&#8230;<\/p>\n","protected":false},"author":1,"featured_media":0,"parent":0,"menu_order":0,"comment_status":"closed","ping_status":"closed","template":"","meta":[],"_links":{"self":[{"href":"https:\/\/sundin-beck.se\/sop\/wp-json\/wp\/v2\/pages\/37"}],"collection":[{"href":"https:\/\/sundin-beck.se\/sop\/wp-json\/wp\/v2\/pages"}],"about":[{"href":"https:\/\/sundin-beck.se\/sop\/wp-json\/wp\/v2\/types\/page"}],"author":[{"embeddable":true,"href":"https:\/\/sundin-beck.se\/sop\/wp-json\/wp\/v2\/users\/1"}],"replies":[{"embeddable":true,"href":"https:\/\/sundin-beck.se\/sop\/wp-json\/wp\/v2\/comments?post=37"}],"version-history":[{"count":3,"href":"https:\/\/sundin-beck.se\/sop\/wp-json\/wp\/v2\/pages\/37\/revisions"}],"predecessor-version":[{"id":122,"href":"https:\/\/sundin-beck.se\/sop\/wp-json\/wp\/v2\/pages\/37\/revisions\/122"}],"wp:attachment":[{"href":"https:\/\/sundin-beck.se\/sop\/wp-json\/wp\/v2\/media?parent=37"}],"curies":[{"name":"wp","href":"https:\/\/api.w.org\/{rel}","templated":true}]}}