{"id":81,"date":"2016-02-22T11:41:04","date_gmt":"2016-02-22T10:41:04","guid":{"rendered":"https:\/\/sundin-beck.se\/sop\/?page_id=81"},"modified":"2016-05-24T08:02:10","modified_gmt":"2016-05-24T06:02:10","slug":"sorg-eller-hopp","status":"publish","type":"page","link":"https:\/\/sundin-beck.se\/sop\/","title":{"rendered":"Hopp: F\u00f6rlitan, f\u00f6rtr\u00f6stan, f\u00f6rv\u00e4ntan"},"content":{"rendered":"<p>Bilder fr\u00e5n \u00e5tervinningscentralen<\/p>\n<p><img loading=\"lazy\" class=\"alignnone size-medium wp-image-198\" src=\"https:\/\/sundin-beck.se\/sop\/wp-content\/uploads\/2016\/02\/BDSC03593-300x200.jpg\" alt=\"BDSC03593\" width=\"300\" height=\"200\" srcset=\"https:\/\/sundin-beck.se\/sop\/wp-content\/uploads\/2016\/02\/BDSC03593-300x200.jpg 300w, https:\/\/sundin-beck.se\/sop\/wp-content\/uploads\/2016\/02\/BDSC03593-768x512.jpg 768w, https:\/\/sundin-beck.se\/sop\/wp-content\/uploads\/2016\/02\/BDSC03593-1024x683.jpg 1024w, https:\/\/sundin-beck.se\/sop\/wp-content\/uploads\/2016\/02\/BDSC03593-973x649.jpg 973w, https:\/\/sundin-beck.se\/sop\/wp-content\/uploads\/2016\/02\/BDSC03593-508x339.jpg 508w\" sizes=\"(max-width: 300px) 100vw, 300px\" \/><\/p>\n","protected":false},"excerpt":{"rendered":"<p>Bilder fr\u00e5n \u00e5tervinningscentralen<\/p>\n","protected":false},"author":1,"featured_media":0,"parent":0,"menu_order":0,"comment_status":"closed","ping_status":"closed","template":"","meta":[],"_links":{"self":[{"href":"https:\/\/sundin-beck.se\/sop\/wp-json\/wp\/v2\/pages\/81"}],"collection":[{"href":"https:\/\/sundin-beck.se\/sop\/wp-json\/wp\/v2\/pages"}],"about":[{"href":"https:\/\/sundin-beck.se\/sop\/wp-json\/wp\/v2\/types\/page"}],"author":[{"embeddable":true,"href":"https:\/\/sundin-beck.se\/sop\/wp-json\/wp\/v2\/users\/1"}],"replies":[{"embeddable":true,"href":"https:\/\/sundin-beck.se\/sop\/wp-json\/wp\/v2\/comments?post=81"}],"version-history":[{"count":9,"href":"https:\/\/sundin-beck.se\/sop\/wp-json\/wp\/v2\/pages\/81\/revisions"}],"predecessor-version":[{"id":348,"href":"https:\/\/sundin-beck.se\/sop\/wp-json\/wp\/v2\/pages\/81\/revisions\/348"}],"wp:attachment":[{"href":"https:\/\/sundin-beck.se\/sop\/wp-json\/wp\/v2\/media?parent=81"}],"curies":[{"name":"wp","href":"https:\/\/api.w.org\/{rel}","templated":true}]}}